{"id":5478,"date":"2018-11-09T23:53:05","date_gmt":"2018-11-09T23:53:05","guid":{"rendered":"https:\/\/www.vegcrates.com\/product\/plastic-crates-for-vegetables-1-vegetable-crate\/"},"modified":"2018-11-09T23:53:05","modified_gmt":"2018-11-09T23:53:05","slug":"plastic-crates-for-vegetables-1-vegetable-crate","status":"publish","type":"product","link":"https:\/\/www.vegcrates.com\/de\/product\/kunststoffkisten-fur-gemuse-1-gemusekiste\/","title":{"rendered":"Kunststoffkisten f\u00fcr Gem\u00fcse 1# Gem\u00fcsekiste"},"content":{"rendered":"<p>Kunststoffkisten f\u00fcr Gem\u00fcse gibt es in verschiedenen Gr\u00f6\u00dfen und Ausf\u00fchrungen f\u00fcr die Ernte, die Verarbeitung und den Versand von kleinem Obst und Gem\u00fcse wie Erdbeeren oder Spargel.<\/p>\n<p><strong>Merkmale und Vorteile<\/strong><\/p>\n<ul>\n<li>Hergestellt aus FDA-konformen Materialien<\/li>\n<li>Widersteht Sonneneinstrahlung und K\u00fchlprozessen, ist sto\u00dffest und feuchtigkeitsbest\u00e4ndig, splittert nicht, verrottet nicht und nimmt keine Ger\u00fcche an.<\/li>\n<li>Leicht zu reinigende Innenr\u00e4ume<\/li>\n<li>Im beladenen Zustand stapeln, im leeren Zustand verschachteln, um Platz zu sparen<\/li>\n<li>Bel\u00fcftete Konstruktionen f\u00fcr schnelle K\u00fchlung, Temperaturkontrolle und Entw\u00e4sserung<\/li>\n<li>Verwendung bei Temperaturen von -20\u02da bis 120\u02da F<\/li>\n<li>Anpassungs- und Identifizierungsoptionen verf\u00fcgbar<\/li>\n<li>Eingeschr\u00e4nkte Garantie von einem Jahr<\/li>\n<li>100% recycelbares HDPE<\/li>\n<\/ul>","protected":false},"excerpt":{"rendered":"<p>Sie k\u00f6nnten auch interessiert sein an <a href=\"https:\/\/www.vegcrates.com\/de\/product-category\/euro-behalter\/\" target=\"_blank\">Stapelbare Hochleistungsk\u00e4sten<\/a>,<a href=\"https:\/\/www.vegcrates.com\/de\/product-category\/zusammenklappbare-aufbewahrungskiste\/\" target=\"_blank\">faltbarer Kunststoffkorb<\/a><\/p>","protected":false},"featured_media":5479,"comment_status":"closed","ping_status":"open","template":"","meta":[],"product_cat":[25],"product_tag":[88,89],"class_list":["post-5478","product","type-product","status-publish","has-post-thumbnail","hentry","product_cat-vegetable-harvest-crates","product_tag-nestable-and-stackable-vegetable-crate","product_tag-vegetable-crate"],"acf":[],"_links":{"self":[{"href":"https:\/\/www.vegcrates.com\/de\/wp-json\/wp\/v2\/product\/5478","targetHints":{"allow":["GET"]}}],"collection":[{"href":"https:\/\/www.vegcrates.com\/de\/wp-json\/wp\/v2\/product"}],"about":[{"href":"https:\/\/www.vegcrates.com\/de\/wp-json\/wp\/v2\/types\/product"}],"replies":[{"embeddable":true,"href":"https:\/\/www.vegcrates.com\/de\/wp-json\/wp\/v2\/comments?post=5478"}],"wp:featuredmedia":[{"embeddable":true,"href":"https:\/\/www.vegcrates.com\/de\/wp-json\/wp\/v2\/media\/5479"}],"wp:attachment":[{"href":"https:\/\/www.vegcrates.com\/de\/wp-json\/wp\/v2\/media?parent=5478"}],"wp:term":[{"taxonomy":"product_cat","embeddable":true,"href":"https:\/\/www.vegcrates.com\/de\/wp-json\/wp\/v2\/product_cat?post=5478"},{"taxonomy":"product_tag","embeddable":true,"href":"https:\/\/www.vegcrates.com\/de\/wp-json\/wp\/v2\/product_tag?post=5478"}],"curies":[{"name":"wp","href":"https:\/\/api.w.org\/{rel}","templated":true}]}}