{"id":6477,"date":"2021-04-02T22:42:19","date_gmt":"2021-04-02T22:42:19","guid":{"rendered":"https:\/\/www.vegcrates.com\/?page_id=6477"},"modified":"2021-04-04T01:06:21","modified_gmt":"2021-04-04T01:06:21","slug":"space-age-totes-with-lids-for-sale","status":"publish","type":"page","link":"https:\/\/www.vegcrates.com\/de\/space-age-totes-mit-deckel-zu-verkaufen\/","title":{"rendered":"Weltraumzeitalter-Beh\u00e4lter"},"content":{"rendered":"<p>Die <strong>Weltraumzeitalter-Beh\u00e4lter<\/strong> sind perfekt f\u00fcr den Transport und die Sortierung von Paketen und Post. Direkt von der Fabrik, Tiefstpreisgarantie.<br>Leichte Kunststoffkonstruktion mit verst\u00e4rktem Stahlrahmen. Gestanzte Griffe f\u00fcr mehr Komfort. H\u00e4lt bis zu 80 Pfund.<\/p>\n\n\n\n<figure class=\"wp-block-image\"><img decoding=\"async\" src=\"https:\/\/www.vegcrates.com\/wp-content\/uploads\/2021\/03\/corrugated-plastic-containers-1024x404.jpg\" alt=\"Kunststoffbeh\u00e4lter aus Wellpappe\"\/><\/figure>\n\n\n\n<p><strong>Kunststoffbeh\u00e4lter aus Wellpappe<\/strong> werden aus hochwertigen Polypropylen- oder Polyethylenfolien hergestellt und k\u00f6nnen \u00f6fter wiederverwendet werden als Wellpappe.<\/p>\n\n\n\n<p>Wellpappkartons werden oft in vielen Gr\u00f6\u00dfen und Formen hergestellt. Unsere Kunststofflagerbeh\u00e4lter aus Wellpappe haben eine St\u00e4rke von 2 mm bis 4 mm und bieten so einen besseren Schutz bei der Lagerung, Stapelung, Handhabung oder dem Transport von Waren zu einer neuen Einrichtung.<\/p>\n\n\n\n<div class=\"wp-block-group\"><div class=\"wp-block-group__inner-container is-layout-flow wp-block-group-is-layout-flow\">\n<div class=\"wp-block-columns is-layout-flex wp-container-core-columns-is-layout-9d6595d7 wp-block-columns-is-layout-flex\">\n<div class=\"wp-block-column is-layout-flow wp-block-column-is-layout-flow\">\n<div class=\"row\">\n  <div class=\"col-sm-6\">\n    <figure class=\"wp-block-video\"><video controls=\"\" src=\"https:\/\/www.vegcrates.com\/wp-content\/uploads\/2021\/03\/space-age-totes.mp4\"><\/video><\/figure>\n  <\/div>\n  <div class=\"col-sm-6\">\n    <figure class=\"wp-block-video\"><video controls=\"\" src=\"https:\/\/www.vegcrates.com\/wp-content\/uploads\/2021\/03\/corrugated-plastic-storage-bins.mp4\"><\/video><\/figure>\n  <\/div>\n<\/div>\n<\/div>\n<\/div>\n<\/div><\/div>\n\n\n\n<p><strong>Gewellte Kunststoffbeh\u00e4lter<\/strong> werden zu beliebten Verpackungen f\u00fcr Lagerung und Versand.<\/p>\n\n\n\n<p>Wir bieten <strong>OEM- und ODM-Dienstleistungen<\/strong>z\u00f6gern Sie bitte nicht, uns f\u00fcr Ihre Anforderungen zu kontaktieren.<\/p>\n\n\n\n<p>Wir sind Hersteller von Wellpapp-Transportkisten und k\u00f6nnen f\u00fcr gro\u00dfe Mengen einen Rabatt anbieten!<\/p>\n\n\n\n<p class=\"hidden model\">Kunststoffbeh\u00e4lter aus Wellpappe<\/p>\n\n\n\n<p><button class=\"btn btn-lg btn-danger product-inquiry\">Anfrage<\/button><\/p>\n<p class=\"hidden product-model\"><span class=\"value\">Weltraumzeitalter-Beh\u00e4lter<\/span><\/p>\n\n\n\n<figure class=\"wp-block-image\"><img decoding=\"async\" src=\"https:\/\/www.vegcrates.com\/wp-content\/uploads\/2021\/03\/space-age-totes.jpg\" alt=\"Weltraumzeitalter-Beh\u00e4lter\"\/><\/figure>\n\n\n\n<figure class=\"wp-block-image\"><img decoding=\"async\" src=\"https:\/\/www.vegcrates.com\/wp-content\/uploads\/2021\/03\/corrugated-plastic-bins.jpg\" alt=\"Kunststoffbeh\u00e4lter aus Wellpappe\"\/><\/figure>\n\n\n\n<p><button class=\"btn btn-lg btn-danger product-inquiry\">Anfrage<\/button><\/p>\n\n\n\n<p>wir bieten auch <a href=\"https:\/\/www.vegcrates.com\/de\/product-category\/erntekisten-fur-gemuse\/\">Kunststoff-Obstkiste<\/a>, <a href=\"https:\/\/www.vegcrates.com\/de\/product-category\/zusammenklappbare-aufbewahrungskiste\/\">Zusammenklappbare Aufbewahrungskiste<\/a>,<a href=\"https:\/\/www.plastic-crate.com\/product-category\/plastic-moving-crates\/\" target=\"_blank\" rel=\"noreferrer noopener\">Kunststoff-Umzugskisten<\/a><\/p>","protected":false},"excerpt":{"rendered":"<p>Die Tragetaschen im Space-Age-Stil eignen sich perfekt zum Transportieren und Sortieren von Paketen und Post. Direkt ab Werk, Niedrigster Preis garantiert. Leichtgewicht\u2026<\/p>","protected":false},"author":1,"featured_media":0,"parent":0,"menu_order":0,"comment_status":"closed","ping_status":"closed","template":"","meta":{"footnotes":""},"class_list":["post-6477","page","type-page","status-publish","hentry"],"acf":[],"_links":{"self":[{"href":"https:\/\/www.vegcrates.com\/de\/wp-json\/wp\/v2\/pages\/6477","targetHints":{"allow":["GET"]}}],"collection":[{"href":"https:\/\/www.vegcrates.com\/de\/wp-json\/wp\/v2\/pages"}],"about":[{"href":"https:\/\/www.vegcrates.com\/de\/wp-json\/wp\/v2\/types\/page"}],"author":[{"embeddable":true,"href":"https:\/\/www.vegcrates.com\/de\/wp-json\/wp\/v2\/users\/1"}],"replies":[{"embeddable":true,"href":"https:\/\/www.vegcrates.com\/de\/wp-json\/wp\/v2\/comments?post=6477"}],"version-history":[{"count":18,"href":"https:\/\/www.vegcrates.com\/de\/wp-json\/wp\/v2\/pages\/6477\/revisions"}],"predecessor-version":[{"id":6506,"href":"https:\/\/www.vegcrates.com\/de\/wp-json\/wp\/v2\/pages\/6477\/revisions\/6506"}],"wp:attachment":[{"href":"https:\/\/www.vegcrates.com\/de\/wp-json\/wp\/v2\/media?parent=6477"}],"curies":[{"name":"wp","href":"https:\/\/api.w.org\/{rel}","templated":true}]}}