{"id":5316,"date":"2019-01-06T00:11:50","date_gmt":"2019-01-06T00:11:50","guid":{"rendered":"https:\/\/www.vegcrates.com\/?page_id=5316"},"modified":"2019-01-06T07:46:38","modified_gmt":"2019-01-06T07:46:38","slug":"blog","status":"publish","type":"page","link":"https:\/\/www.vegcrates.com\/de\/blog\/","title":{"rendered":"Blog"},"content":{"rendered":"<style>.wp-show-posts-columns#wpsp-5341 {margin-left: -2em; }.wp-show-posts-columns#wpsp-5341 .wp-show-posts-inner {margin: 0 0 2em 2em; }<\/style><section id=\"wpsp-5341\" class=\"wp-show-posts\" style=\"\"><article class=\"wp-show-posts-single wpsp-clearfix post-6803 post type-post status-publish format-standard hentry category-uncategorized\" itemtype=\"http:\/\/schema.org\/CreativeWork\" itemscope><div class=\"wp-show-posts-inner\" style=\"\">\t\t\t\t\t\t<header class=\"wp-show-posts-entry-header\">\n\t\t\t\t\t\t\t<h2 class=\"wp-show-posts-entry-title\" itemprop=\"headline\"><a href=\"https:\/\/www.vegcrates.com\/de\/2025\/09\/01\/hdpe-vs-pp-which-material-is-best-for-plastic-crates\/\" rel=\"bookmark\">HDPE vs PP: Which Material is Best for Plastic Crates?<\/a><\/h2><div class=\"wp-show-posts-entry-meta wp-show-posts-entry-meta-below-title post-meta-inline\"><span class=\"wp-show-posts-posted-on wp-show-posts-meta\">\n\t\t\t\t\t<a href=\"https:\/\/www.vegcrates.com\/de\/2025\/09\/01\/hdpe-vs-pp-which-material-is-best-for-plastic-crates\/\" title=\"9:16 pm\" rel=\"bookmark\"><time class=\"wp-show-posts-entry-date published\" datetime=\"2025-09-01T21:16:31+00:00\" itemprop=\"datePublished\">September 1, 2025<\/time><time class=\"wp-show-posts-updated\" datetime=\"2025-09-01T21:23:19+00:00\" itemprop=\"dateModified\">September 1, 2025<\/time><\/a>\n\t\t\t\t<\/span><\/div>\t\t\t\t\t\t<\/header><!-- .entry-header -->\n\t\t\t\t\t\t\t\t\t\t\t<div class=\"wp-show-posts-entry-summary\" itemprop=\"text\">\n\t\t\t\t\t\t\t<p>When choosing plastic crates for storage, transport, or distribution, the material plays a critical role in durability, safety, and cost-effectiveness. Two of the most common materials used are HDPE (High-Density&#8230;<\/p>\n\t\t\t\t\t\t<\/div><!-- .entry-summary -->\n\t\t\t\t\t<\/div><!-- wp-show-posts-inner --><div class=\"wpsp-clear\"><\/div><\/article><article class=\"wp-show-posts-single wpsp-clearfix post-6702 post type-post status-publish format-standard hentry category-uncategorized\" itemtype=\"http:\/\/schema.org\/CreativeWork\" itemscope><div class=\"wp-show-posts-inner\" style=\"\">\t\t\t\t\t\t<header class=\"wp-show-posts-entry-header\">\n\t\t\t\t\t\t\t<h2 class=\"wp-show-posts-entry-title\" itemprop=\"headline\"><a href=\"https:\/\/www.vegcrates.com\/de\/2025\/02\/24\/fugen-sie-kunststoff-fertig-produziert-kiste-versand-nach-neuseeland-handler\/\" rel=\"bookmark\">Verbinden Sie Kunststoff fertig benutzerdefinierte produzieren Kiste Versand nach Neuseeland H\u00e4ndler<\/a><\/h2><div class=\"wp-show-posts-entry-meta wp-show-posts-entry-meta-below-title post-meta-inline\"><span class=\"wp-show-posts-posted-on wp-show-posts-meta\">\n\t\t\t\t\t<a href=\"https:\/\/www.vegcrates.com\/de\/2025\/02\/24\/fugen-sie-kunststoff-fertig-produziert-kiste-versand-nach-neuseeland-handler\/\" title=\"8:50 Uhr\" rel=\"bookmark\"><time class=\"wp-show-posts-entry-date published\" datetime=\"2025-02-24T08:50:14+00:00\" itemprop=\"datePublished\">Februar 24, 2025<\/time><time class=\"wp-show-posts-updated\" datetime=\"2025-02-24T08:52:03+00:00\" itemprop=\"dateModified\">Februar 24, 2025<\/time><\/a>\n\t\t\t\t<\/span><\/div>\t\t\t\t\t\t<\/header><!-- .entry-header -->\n\t\t\t\t\t\t\t\t\t\t\t<div class=\"wp-show-posts-entry-summary\" itemprop=\"text\">\n\t\t\t\t\t\t\t<p>Shanghai, 22.2.2025, Join Plastic, ein f\u00fchrender Hersteller von Kunststoffbeh\u00e4ltern f\u00fcr die Industrie, hat erfolgreich einen vollen 40HC-Container mit kundenspezifischen Logokisten an einen neuseel\u00e4ndischen Frischwarenh\u00e4ndler geliefert...<\/p>\n\t\t\t\t\t\t<\/div><!-- .entry-summary -->\n\t\t\t\t\t<\/div><!-- wp-show-posts-inner --><div class=\"wpsp-clear\"><\/div><\/article><article class=\"wp-show-posts-single wpsp-clearfix post-6406 post type-post status-publish format-standard hentry category-uncategorized\" itemtype=\"http:\/\/schema.org\/CreativeWork\" itemscope><div class=\"wp-show-posts-inner\" style=\"\">\t\t\t\t\t\t<header class=\"wp-show-posts-entry-header\">\n\t\t\t\t\t\t\t<h2 class=\"wp-show-posts-entry-title\" itemprop=\"headline\"><a href=\"https:\/\/www.vegcrates.com\/de\/2020\/04\/16\/die-5-besten-gemusesorten-fur-den-anbau-im-eigenen-garten\/\" rel=\"bookmark\">Die 5 besten Gem\u00fcsesorten f\u00fcr den Anbau in Ihrem Garten<\/a><\/h2><div class=\"wp-show-posts-entry-meta wp-show-posts-entry-meta-below-title post-meta-inline\"><span class=\"wp-show-posts-posted-on wp-show-posts-meta\">\n\t\t\t\t\t<a href=\"https:\/\/www.vegcrates.com\/de\/2020\/04\/16\/die-5-besten-gemusesorten-fur-den-anbau-im-eigenen-garten\/\" title=\"8:34 Uhr\" rel=\"bookmark\"><time class=\"wp-show-posts-entry-date published\" datetime=\"2020-04-16T08:34:29+00:00\" itemprop=\"datePublished\">April 16, 2020<\/time><time class=\"wp-show-posts-updated\" datetime=\"2020-04-16T08:44:17+00:00\" itemprop=\"dateModified\">April 16, 2020<\/time><\/a>\n\t\t\t\t<\/span><\/div>\t\t\t\t\t\t<\/header><!-- .entry-header -->\n\t\t\t\t\t\t\t\t\t\t\t<div class=\"wp-show-posts-entry-summary\" itemprop=\"text\">\n\t\t\t\t\t\t\t<p>Niemand m\u00f6chte wirklich dar\u00fcber nachdenken, was passiert, wenn er Zeit und Geld in einen Bio-Garten investiert und dieser nicht w\u00e4chst. Dennoch, wenn Sie Ihren eigenen...<\/p>\n\t\t\t\t\t\t<\/div><!-- .entry-summary -->\n\t\t\t\t\t<\/div><!-- wp-show-posts-inner --><div class=\"wpsp-clear\"><\/div><\/article><\/section><!-- .wp-show-posts -->\n\n\n\n<p><\/p>","protected":false},"excerpt":{"rendered":"","protected":false},"author":1,"featured_media":0,"parent":0,"menu_order":0,"comment_status":"closed","ping_status":"closed","template":"","meta":{"footnotes":""},"class_list":["post-5316","page","type-page","status-publish","hentry"],"acf":[],"_links":{"self":[{"href":"https:\/\/www.vegcrates.com\/de\/wp-json\/wp\/v2\/pages\/5316","targetHints":{"allow":["GET"]}}],"collection":[{"href":"https:\/\/www.vegcrates.com\/de\/wp-json\/wp\/v2\/pages"}],"about":[{"href":"https:\/\/www.vegcrates.com\/de\/wp-json\/wp\/v2\/types\/page"}],"author":[{"embeddable":true,"href":"https:\/\/www.vegcrates.com\/de\/wp-json\/wp\/v2\/users\/1"}],"replies":[{"embeddable":true,"href":"https:\/\/www.vegcrates.com\/de\/wp-json\/wp\/v2\/comments?post=5316"}],"version-history":[{"count":3,"href":"https:\/\/www.vegcrates.com\/de\/wp-json\/wp\/v2\/pages\/5316\/revisions"}],"predecessor-version":[{"id":5349,"href":"https:\/\/www.vegcrates.com\/de\/wp-json\/wp\/v2\/pages\/5316\/revisions\/5349"}],"wp:attachment":[{"href":"https:\/\/www.vegcrates.com\/de\/wp-json\/wp\/v2\/media?parent=5316"}],"curies":[{"name":"wp","href":"https:\/\/api.w.org\/{rel}","templated":true}]}}